{"id":357,"date":"2025-07-07T13:37:23","date_gmt":"2025-07-07T11:37:23","guid":{"rendered":"https:\/\/petrosp.cluster100.hosting.ovh.net\/?page_id=357"},"modified":"2025-07-18T11:38:08","modified_gmt":"2025-07-18T09:38:08","slug":"catalogue-de-formation-en-technique-petroliere","status":"publish","type":"page","link":"https:\/\/www.petrosafe-training.com\/index.php\/catalogue-de-formation-en-technique-petroliere\/","title":{"rendered":"Catalogue de formation en technique p\u00e9troli\u00e8re"},"content":{"rendered":"\n<p>Bienvenue dans le catalogue des formations de PetroSafe Training Center, votre guide complet pour explorer l&rsquo;\u00e9ventail de nos programmes sp\u00e9cialis\u00e9s en technique p\u00e9troli\u00e8re. Con\u00e7u pour r\u00e9pondre aux exigences les plus pointues de l&rsquo;industrie, ce catalogue pr\u00e9sente nos offres de formation initiale et continue, alliant rigueur th\u00e9orique et immersion pratique. Que vous soyez un professionnel exp\u00e9riment\u00e9 cherchant \u00e0 perfectionner vos comp\u00e9tences ou un nouveau venu d\u00e9sireux d&rsquo;acqu\u00e9rir des bases solides en forage et s\u00e9curit\u00e9 p\u00e9troli\u00e8re, vous trouverez ici la formation adapt\u00e9e \u00e0 vos objectifs, con\u00e7ue pour vous propulser vers l&rsquo;excellence op\u00e9rationnelle et la conformit\u00e9 aux standards internationaux.<\/p>\n\n\n\n<p><a href=\"https:\/\/www.petrosafe-training.com\/wp-content\/uploads\/2025\/07\/Petrosafe-catalogue-de-formation.pdf\" data-type=\"link\" data-id=\"https:\/\/www.petrosafe-training.com\/wp-content\/uploads\/2025\/07\/Petrosafe-catalogue-de-formation.pdf\">Vous pouvez consulter le catalogue ici<\/a><\/p>\n","protected":false},"excerpt":{"rendered":"<p>Bienvenue dans le catalogue des formations de PetroSafe Training Center, votre guide complet pour explorer l&rsquo;\u00e9ventail de nos programmes sp\u00e9cialis\u00e9s en technique p\u00e9troli\u00e8re. Con\u00e7u pour r\u00e9pondre aux exigences les plus pointues de l&rsquo;industrie, ce catalogue pr\u00e9sente nos offres de formation initiale et continue, alliant rigueur th\u00e9orique et immersion pratique. Que vous soyez un professionnel exp\u00e9riment\u00e9 [&hellip;]<\/p>\n","protected":false},"author":1,"featured_media":0,"parent":0,"menu_order":0,"comment_status":"closed","ping_status":"closed","template":"","meta":{"saved_in_kubio":true,"footnotes":""},"class_list":["post-357","page","type-page","status-publish","hentry"],"kubio_ai_page_context":{"short_desc":"","purpose":"general"},"_links":{"self":[{"href":"https:\/\/www.petrosafe-training.com\/index.php\/wp-json\/wp\/v2\/pages\/357","targetHints":{"allow":["GET"]}}],"collection":[{"href":"https:\/\/www.petrosafe-training.com\/index.php\/wp-json\/wp\/v2\/pages"}],"about":[{"href":"https:\/\/www.petrosafe-training.com\/index.php\/wp-json\/wp\/v2\/types\/page"}],"author":[{"embeddable":true,"href":"https:\/\/www.petrosafe-training.com\/index.php\/wp-json\/wp\/v2\/users\/1"}],"replies":[{"embeddable":true,"href":"https:\/\/www.petrosafe-training.com\/index.php\/wp-json\/wp\/v2\/comments?post=357"}],"version-history":[{"count":4,"href":"https:\/\/www.petrosafe-training.com\/index.php\/wp-json\/wp\/v2\/pages\/357\/revisions"}],"predecessor-version":[{"id":446,"href":"https:\/\/www.petrosafe-training.com\/index.php\/wp-json\/wp\/v2\/pages\/357\/revisions\/446"}],"wp:attachment":[{"href":"https:\/\/www.petrosafe-training.com\/index.php\/wp-json\/wp\/v2\/media?parent=357"}],"curies":[{"name":"wp","href":"https:\/\/api.w.org\/{rel}","templated":true}]}}